{"id":6206,"date":"2024-08-02T10:13:42","date_gmt":"2024-08-02T09:13:42","guid":{"rendered":"https:\/\/iss.xenia.shop\/product\/lampe-de-table-led\/"},"modified":"2025-10-18T19:10:19","modified_gmt":"2025-10-18T18:10:19","slug":"lampe-de-table-led","status":"publish","type":"product","link":"https:\/\/iss.xenia.shop\/fr\/produit\/lampe-de-table-led\/","title":{"rendered":"Lampe de table LED"},"content":{"rendered":"<p>Besoin d&rsquo;une lumi\u00e8re pendant les jours sombres&nbsp;? Cette lampe LED \u00e9l\u00e9gante cr\u00e9e une ambiance instantan\u00e9e, o\u00f9 que tu sois. Rechargeable, \u00e0 intensit\u00e9 variable et parfaite pour les soir\u00e9es d&rsquo;hiver (ou d&rsquo;\u00e9t\u00e9) agr\u00e9ables. Tout comme toi, tu rayonnes chaque jour, cette lampe cr\u00e9e une atmosph\u00e8re chaleureuse.<span class=\"Apple-converted-space\"> <\/span><\/p>\n<p>Sp\u00e9cifications : <span>Se recharge avec le c\u00e2ble USB-C fourni. <\/span><span><br \/>\n  <span class=\"product-specifications__label\">Capacit\u00e9 de la batterie : <\/span><br \/>\n  <span class=\"product-specifications__value\">2400 mAh. Deux modes de couleur, lumi\u00e8re blanche et lumi\u00e8re chaude. R\u00e9glable.<\/span><br \/>\n<\/span><\/p>\n","protected":false},"excerpt":{"rendered":"<p>Besoin d&rsquo;une lumi\u00e8re pendant les jours sombres&nbsp;? Cette lampe LED \u00e9l\u00e9gante cr\u00e9e une ambiance instantan\u00e9e, o\u00f9 que tu sois. Rechargeable, \u00e0 intensit\u00e9 variable et parfaite pour les soir\u00e9es d&rsquo;hiver (ou d&rsquo;\u00e9t\u00e9) agr\u00e9ables. Tout comme toi, tu rayonnes chaque jour, cette lampe cr\u00e9e une atmosph\u00e8re chaleureuse. Sp\u00e9cifications : Se recharge avec le c\u00e2ble USB-C fourni. Capacit\u00e9&#8230;<\/p>\n","protected":false},"featured_media":6207,"template":"","meta":[],"product_brand":[],"product_cat":[38],"product_tag":[],"class_list":{"0":"post-6206","1":"product","2":"type-product","3":"status-publish","4":"has-post-thumbnail","6":"product_cat-aucune-categorie","8":"first","9":"instock","10":"sold-individually","11":"shipping-taxable","12":"purchasable","13":"product-type-simple"},"_links":{"self":[{"href":"https:\/\/iss.xenia.shop\/fr\/wp-json\/wp\/v2\/product\/6206","targetHints":{"allow":["GET"]}}],"collection":[{"href":"https:\/\/iss.xenia.shop\/fr\/wp-json\/wp\/v2\/product"}],"about":[{"href":"https:\/\/iss.xenia.shop\/fr\/wp-json\/wp\/v2\/types\/product"}],"wp:featuredmedia":[{"embeddable":true,"href":"https:\/\/iss.xenia.shop\/fr\/wp-json\/wp\/v2\/media\/6207"}],"wp:attachment":[{"href":"https:\/\/iss.xenia.shop\/fr\/wp-json\/wp\/v2\/media?parent=6206"}],"wp:term":[{"taxonomy":"product_brand","embeddable":true,"href":"https:\/\/iss.xenia.shop\/fr\/wp-json\/wp\/v2\/product_brand?post=6206"},{"taxonomy":"product_cat","embeddable":true,"href":"https:\/\/iss.xenia.shop\/fr\/wp-json\/wp\/v2\/product_cat?post=6206"},{"taxonomy":"product_tag","embeddable":true,"href":"https:\/\/iss.xenia.shop\/fr\/wp-json\/wp\/v2\/product_tag?post=6206"}],"curies":[{"name":"wp","href":"https:\/\/api.w.org\/{rel}","templated":true}]}}