{"id":6204,"date":"2024-10-16T20:47:03","date_gmt":"2024-10-16T19:47:03","guid":{"rendered":"https:\/\/iss.xenia.shop\/product\/good-towel-serviette-de-bain-recyclee\/"},"modified":"2025-10-19T16:19:17","modified_gmt":"2025-10-19T15:19:17","slug":"good-towel-serviette-de-cotton-recycle","status":"publish","type":"product","link":"https:\/\/iss.xenia.shop\/fr\/produit\/good-towel-serviette-de-cotton-recycle\/","title":{"rendered":"Good Towel \u2013 serviette de bain recycl\u00e9e"},"content":{"rendered":"<p>Un cadeau doux pour une fin d&rsquo;ann\u00e9e chaleureuse. Que tu te d\u00e9tendes dans la salle de bain ou que tu pr\u00e9voies des projets ensoleill\u00e9s \u00e0 la plage, cette serviette est toujours utile. Fabriqu\u00e9e \u00e0 partir de coton 100 % recycl\u00e9, et avec ton choix, tu soutiens la Plastic Soup Foundation dans sa lutte contre la pollution plastique.<span class=\"Apple-converted-space\"> <\/span><\/p>\n<p>Dimensions : 170 x 100 cm.<\/p>\n","protected":false},"excerpt":{"rendered":"<p>Un cadeau doux pour une fin d&rsquo;ann\u00e9e chaleureuse. Que tu te d\u00e9tendes dans la salle de bain ou que tu pr\u00e9voies des projets ensoleill\u00e9s \u00e0 la plage, cette serviette est toujours utile. Fabriqu\u00e9e \u00e0 partir de coton 100 % recycl\u00e9, et avec ton choix, tu soutiens la Plastic Soup Foundation dans sa lutte contre la&#8230;<\/p>\n","protected":false},"featured_media":6205,"template":"","meta":[],"product_brand":[],"product_cat":[38],"product_tag":[],"class_list":{"0":"post-6204","1":"product","2":"type-product","3":"status-publish","4":"has-post-thumbnail","6":"product_cat-aucune-categorie","8":"first","9":"instock","10":"sold-individually","11":"shipping-taxable","12":"purchasable","13":"product-type-simple"},"_links":{"self":[{"href":"https:\/\/iss.xenia.shop\/fr\/wp-json\/wp\/v2\/product\/6204","targetHints":{"allow":["GET"]}}],"collection":[{"href":"https:\/\/iss.xenia.shop\/fr\/wp-json\/wp\/v2\/product"}],"about":[{"href":"https:\/\/iss.xenia.shop\/fr\/wp-json\/wp\/v2\/types\/product"}],"wp:featuredmedia":[{"embeddable":true,"href":"https:\/\/iss.xenia.shop\/fr\/wp-json\/wp\/v2\/media\/6205"}],"wp:attachment":[{"href":"https:\/\/iss.xenia.shop\/fr\/wp-json\/wp\/v2\/media?parent=6204"}],"wp:term":[{"taxonomy":"product_brand","embeddable":true,"href":"https:\/\/iss.xenia.shop\/fr\/wp-json\/wp\/v2\/product_brand?post=6204"},{"taxonomy":"product_cat","embeddable":true,"href":"https:\/\/iss.xenia.shop\/fr\/wp-json\/wp\/v2\/product_cat?post=6204"},{"taxonomy":"product_tag","embeddable":true,"href":"https:\/\/iss.xenia.shop\/fr\/wp-json\/wp\/v2\/product_tag?post=6204"}],"curies":[{"name":"wp","href":"https:\/\/api.w.org\/{rel}","templated":true}]}}