{"id":6202,"date":"2025-08-20T08:49:51","date_gmt":"2025-08-20T07:49:51","guid":{"rendered":"https:\/\/iss.xenia.shop\/product\/trousse-de-toilette-avec-pain-de-savon-wondr\/"},"modified":"2025-10-18T13:32:29","modified_gmt":"2025-10-18T12:32:29","slug":"trousse-de-toilette-avec-pain-de-savon-wondr","status":"publish","type":"product","link":"https:\/\/iss.xenia.shop\/fr\/produit\/trousse-de-toilette-avec-pain-de-savon-wondr\/","title":{"rendered":"Trousse de toilette avec pain de savon Wondr"},"content":{"rendered":"<p>Pour un d\u00e9part pratique apr\u00e8s les f\u00eates. Cette trousse de toilette unisexe en cuir artificiel mat chic regorge d&rsquo;espaces de rangement astucieux et contient un pain de savon Wondr. Pratique, \u00e9l\u00e9gante et durable, parfaite pour aborder la nouvelle ann\u00e9e de mani\u00e8re organis\u00e9e et \u00e9clatante.<\/p>\n<p>Mat\u00e9riau\u00a0: Cuir PU Dull | Dimensions\u00a0: \u00b1 18\u00a0x\u00a018\u00a0x\u00a020\u00a0cm<\/p>\n","protected":false},"excerpt":{"rendered":"<p>Pour un d\u00e9part pratique apr\u00e8s les f\u00eates. Cette trousse de toilette unisexe en cuir artificiel mat chic regorge d&rsquo;espaces de rangement astucieux et contient un pain de savon Wondr. Pratique, \u00e9l\u00e9gante et durable, parfaite pour aborder la nouvelle ann\u00e9e de mani\u00e8re organis\u00e9e et \u00e9clatante. Mat\u00e9riau\u00a0: Cuir PU Dull | Dimensions\u00a0: \u00b1 18\u00a0x\u00a018\u00a0x\u00a020\u00a0cm<\/p>\n","protected":false},"featured_media":6203,"template":"","meta":[],"product_brand":[],"product_cat":[38],"product_tag":[],"class_list":{"0":"post-6202","1":"product","2":"type-product","3":"status-publish","4":"has-post-thumbnail","6":"product_cat-aucune-categorie","8":"first","9":"instock","10":"sold-individually","11":"shipping-taxable","12":"purchasable","13":"product-type-simple"},"_links":{"self":[{"href":"https:\/\/iss.xenia.shop\/fr\/wp-json\/wp\/v2\/product\/6202","targetHints":{"allow":["GET"]}}],"collection":[{"href":"https:\/\/iss.xenia.shop\/fr\/wp-json\/wp\/v2\/product"}],"about":[{"href":"https:\/\/iss.xenia.shop\/fr\/wp-json\/wp\/v2\/types\/product"}],"wp:featuredmedia":[{"embeddable":true,"href":"https:\/\/iss.xenia.shop\/fr\/wp-json\/wp\/v2\/media\/6203"}],"wp:attachment":[{"href":"https:\/\/iss.xenia.shop\/fr\/wp-json\/wp\/v2\/media?parent=6202"}],"wp:term":[{"taxonomy":"product_brand","embeddable":true,"href":"https:\/\/iss.xenia.shop\/fr\/wp-json\/wp\/v2\/product_brand?post=6202"},{"taxonomy":"product_cat","embeddable":true,"href":"https:\/\/iss.xenia.shop\/fr\/wp-json\/wp\/v2\/product_cat?post=6202"},{"taxonomy":"product_tag","embeddable":true,"href":"https:\/\/iss.xenia.shop\/fr\/wp-json\/wp\/v2\/product_tag?post=6202"}],"curies":[{"name":"wp","href":"https:\/\/api.w.org\/{rel}","templated":true}]}}