{"id":6197,"date":"2025-08-20T08:50:44","date_gmt":"2025-08-20T07:50:44","guid":{"rendered":"https:\/\/iss.xenia.shop\/product\/don-a-la-fondation-contre-le-cancer\/"},"modified":"2025-09-18T07:53:26","modified_gmt":"2025-09-18T06:53:26","slug":"don-a-la-fondation-contre-le-cancer","status":"publish","type":"product","link":"https:\/\/iss.xenia.shop\/fr\/produit\/don-a-la-fondation-contre-le-cancer\/","title":{"rendered":"Don \u00e0 la Fondation contre le Cancer"},"content":{"rendered":"<p>Parfois, le plus beau cadeau est celui que l\u2019on fait aux autres. En choisissant ce don \u00e0 la Fondation contre le Cancer, vous offrez espoir, soutien et chaleur \u00e0 ceux qui en ont vraiment besoin. Une force discr\u00e8te, venue du c\u0153ur.<\/p>\n","protected":false},"excerpt":{"rendered":"<p>Parfois, le plus beau cadeau est celui que l\u2019on fait aux autres. En choisissant ce don \u00e0 la Fondation contre le Cancer, vous offrez espoir, soutien et chaleur \u00e0 ceux qui en ont vraiment besoin. Une force discr\u00e8te, venue du c\u0153ur.<\/p>\n","protected":false},"featured_media":6201,"template":"","meta":[],"product_brand":[],"product_cat":[38],"product_tag":[],"class_list":{"0":"post-6197","1":"product","2":"type-product","3":"status-publish","4":"has-post-thumbnail","6":"product_cat-aucune-categorie","8":"first","9":"instock","10":"virtual","11":"sold-individually","12":"purchasable","13":"product-type-simple"},"_links":{"self":[{"href":"https:\/\/iss.xenia.shop\/fr\/wp-json\/wp\/v2\/product\/6197","targetHints":{"allow":["GET"]}}],"collection":[{"href":"https:\/\/iss.xenia.shop\/fr\/wp-json\/wp\/v2\/product"}],"about":[{"href":"https:\/\/iss.xenia.shop\/fr\/wp-json\/wp\/v2\/types\/product"}],"wp:featuredmedia":[{"embeddable":true,"href":"https:\/\/iss.xenia.shop\/fr\/wp-json\/wp\/v2\/media\/6201"}],"wp:attachment":[{"href":"https:\/\/iss.xenia.shop\/fr\/wp-json\/wp\/v2\/media?parent=6197"}],"wp:term":[{"taxonomy":"product_brand","embeddable":true,"href":"https:\/\/iss.xenia.shop\/fr\/wp-json\/wp\/v2\/product_brand?post=6197"},{"taxonomy":"product_cat","embeddable":true,"href":"https:\/\/iss.xenia.shop\/fr\/wp-json\/wp\/v2\/product_cat?post=6197"},{"taxonomy":"product_tag","embeddable":true,"href":"https:\/\/iss.xenia.shop\/fr\/wp-json\/wp\/v2\/product_tag?post=6197"}],"curies":[{"name":"wp","href":"https:\/\/api.w.org\/{rel}","templated":true}]}}