{"id":6187,"date":"2016-10-06T10:30:10","date_gmt":"2016-10-06T09:30:10","guid":{"rendered":"https:\/\/iss.xenia.shop\/accueil\/"},"modified":"2025-09-18T12:59:57","modified_gmt":"2025-09-18T11:59:57","slug":"accueil","status":"publish","type":"page","link":"https:\/\/iss.xenia.shop\/fr\/accueil\/","title":{"rendered":"Accueil"},"content":{"rendered":"<section class=\"l-section wpb_row height_auto\"><div class=\"l-section-h i-cf\"><div class=\"g-cols vc_row via_grid cols_1 laptops-cols_inherit tablets-cols_inherit mobiles-cols_1 valign_top type_default stacking_default\"><div class=\"wpb_column vc_column_container\"><div class=\"vc_column-inner\"><div class=\"w-slider us_custom_6454c68d style_none fit_contain nav_none count_1\"><div class=\"w-slider-h\"><div class=\"royalSlider\"><div class=\"rsContent\"><a class=\"rsImg\" data-rsw=\"2560\" data-rsh=\"688\" href=\"https:\/\/iss.xenia.shop\/wp-content\/uploads\/2025\/09\/Banner-scaled.jpg\"><span data-alt=\"\"><\/span><\/a><\/div><\/div><img decoding=\"async\" src=\"https:\/\/iss.xenia.shop\/wp-content\/uploads\/2025\/09\/Banner-scaled.jpg\" width=\"2560\" height=\"688\" alt loading=\"lazy\"><\/div><div class=\"w-slider-json\" onclick='return {&quot;autoScaleSlider&quot;:true,&quot;addActiveClass&quot;:true,&quot;loop&quot;:true,&quot;fadeInLoadedSlide&quot;:false,&quot;slidesSpacing&quot;:0,&quot;imageScalePadding&quot;:0,&quot;numImagesToPreload&quot;:2,&quot;arrowsNav&quot;:false,&quot;arrowsNavAutoHide&quot;:false,&quot;transitionType&quot;:&quot;move&quot;,&quot;transitionSpeed&quot;:250,&quot;block&quot;:{&quot;moveEffect&quot;:&quot;none&quot;,&quot;speed&quot;:300},&quot;thumbs&quot;:{&quot;fitInViewport&quot;:false,&quot;firstMargin&quot;:false,&quot;spacing&quot;:4},&quot;controlNavigation&quot;:&quot;none&quot;,&quot;autoScaleSliderWidth&quot;:2560,&quot;autoScaleSliderHeight&quot;:688}'><\/div><\/div><div class=\"w-separator size_huge\"><\/div><div class=\"g-cols wpb_row via_grid cols_2 laptops-cols_inherit tablets-cols_inherit mobiles-cols_1 valign_middle type_default stacking_default\" style=\"--columns-gap:3rem;\"><div class=\"wpb_column vc_column_container\"><div class=\"vc_column-inner\"><div class=\"w-video align_none ratio_1x1 has_iframe\"><div class=\"w-video-h\"><iframe title=\"Youtube video player\" src=\"\/\/www.youtube.com\/embed\/S4pY-NEPSfI?autoplay=1&controls=1&origin=https:\/\/iss.xenia.shop\/fr\/&loop=0&mute=0\" allowfullscreen=\"1\" loading=\"lazy\"><\/iframe><\/div><\/div><\/div><\/div><div class=\"wpb_column vc_column_container\"><div class=\"vc_column-inner\"><div class=\"wpb_text_column\"><div class=\"wpb_wrapper\"><h3>Merci d&rsquo;avoir fait briller cette ann\u00e9e ! <span>\u2728<\/span><span class=\"Apple-converted-space\"> <\/span><\/h3>\n<p>La fin de l\u2019ann\u00e9e approche, le moment id\u00e9al pour prendre un instant et repenser \u00e0 tout ce que nous avons accompli ensemble. Gr\u00e2ce \u00e0 ton engagement et ton enthousiasme, 2025 a une fois de plus \u00e9t\u00e9 une ann\u00e9e dont nous pouvons \u00eatre fiers. Et pour cela, nous souhaitons te remercier avec une petite attention que tu peux choisir toi-m\u00eame sur cette plateforme.<\/p>\n<p>Tu peux faire ton choix jusqu&rsquo;au <b>19 octobre 2025<\/b> inclus. Apr\u00e8s cette date, il ne sera plus possible de choisir toi-m\u00eame, mais pas d\u2019inqui\u00e9tude\u202f: nous veillerons \u00e0 ce que chacun re\u00e7oive un cadeau, en fonction du stock restant.<\/p>\n<p>Avec toute notre gratitude,<\/p>\n<p><i>Kris Cloots, Country Manager<br \/>\n<\/i>et tout le comit\u00e9 de direction d&rsquo;ISS Belgique &amp; Luxembourg<\/p>\n<\/div><\/div><\/div><\/div><\/div><div class=\"w-separator size_large\"><\/div><div class=\"w-separator size_custom\" style=\"height:10vh\"><\/div><div class=\"wpb_text_column\"><div class=\"wpb_wrapper\"><h2 style=\"text-align: left;\">Choisis ton cadeau<\/h2>\n<\/div><\/div><div class=\"w-separator size_large\"><\/div><div class=\"w-grid us_custom_8cd02348 us_product_list type_grid layout_shop_trendy cols_4 preload_style_spinner\" id=\"us_product_list_g0c4\" style=\"--columns:4;--gap:0rem;\" data-filterable=\"true\"><style>@media (max-width:1024px){#us_product_list_g0c4{--columns:2!important}}@media (max-width:600px){#us_product_list_g0c4{--columns:2!important}}.layout_shop_trendy .w-grid-item-h{background:var(--color-content-bg);color:var(--color-content-text);box-shadow:0 0rem 0rem rgba(0,0,0,0.1),0 0rem 0rem rgba(0,0,0,0.1);transition-duration:0.3s}.no-touch .layout_shop_trendy .w-grid-item-h:hover{box-shadow:0 0.1rem 0.2rem rgba(0,0,0,0.1),0 0.33rem 1rem rgba(0,0,0,0.15);z-index:4}.layout_shop_trendy .usg_add_to_cart_1{transition-duration:0.3s;transform-origin:50% 50%;transform:scale(1) translate(0%,0%);opacity:0}.layout_shop_trendy .w-grid-item-h:focus-within .usg_add_to_cart_1,.layout_shop_trendy .w-grid-item-h:hover .usg_add_to_cart_1{transform:scale(1) translate(0%,0%);opacity:1}@media(max-width:599px){.layout_shop_trendy .usg_add_to_cart_1{display:none!important}}.layout_shop_trendy .usg_vwrapper_1{padding-right:10px!important;padding-top:10px!important;padding-left:10px!important}.layout_shop_trendy .usg_product_field_1{color:#fff!important;font-size:12px!important;font-weight:700!important;text-transform:uppercase!important;position:absolute!important;top:10px!important;left:10px!important;padding-right:0.8rem!important;padding-left:0.8rem!important;background:var(--color-content-primary)!important}.layout_shop_trendy .usg_post_title_1{color:inherit!important;font-size:1rem!important;margin-bottom:0.4rem!important}.layout_shop_trendy .usg_product_field_2{margin-bottom:0.2rem!important}.layout_shop_trendy .usg_product_field_3{font-weight:700!important}.layout_shop_trendy .usg_add_to_cart_1{font-size:15px!important;width:100%!important;border-radius:0!important;position:absolute!important;top:100%!important;right:0!important;left:0!important}<\/style><div class=\"w-grid-list\">\t<article class=\"w-grid-item size_1x1 post-6206 product type-product status-publish has-post-thumbnail product_cat-aucune-categorie first instock sold-individually shipping-taxable purchasable product-type-simple\" data-id=\"6206\">\r\n\t\t<div class=\"w-grid-item-h\">\r\n\t\t\t\t\t\t<div class=\"w-vwrapper usg_vwrapper_1 align_none valign_top\"><div class=\"w-post-elm post_image usg_post_image_1 stretched\"><a href=\"https:\/\/iss.xenia.shop\/fr\/produit\/lampe-de-table-led\/\" aria-label=\"Lampe de table LED\"><img loading=\"lazy\" decoding=\"async\" width=\"1000\" height=\"1000\" src=\"https:\/\/iss.xenia.shop\/wp-content\/uploads\/2024\/08\/Lamp_clean.png\" class=\"attachment-full size-full wp-post-image\" alt=\"\" srcset=\"https:\/\/iss.xenia.shop\/wp-content\/uploads\/2024\/08\/Lamp_clean.png 1000w, https:\/\/iss.xenia.shop\/wp-content\/uploads\/2024\/08\/Lamp_clean-300x300.png 300w, https:\/\/iss.xenia.shop\/wp-content\/uploads\/2024\/08\/Lamp_clean-150x150.png 150w, https:\/\/iss.xenia.shop\/wp-content\/uploads\/2024\/08\/Lamp_clean-600x600.png 600w\" sizes=\"auto, (max-width: 1000px) 100vw, 1000px\" \/><\/a><\/div><h2 class=\"w-post-elm post_title usg_post_title_1 has_text_color woocommerce-loop-product__title color_link_inherit\"><a href=\"https:\/\/iss.xenia.shop\/fr\/produit\/lampe-de-table-led\/\">Lampe de table LED<\/a><\/h2><p class=\"w-post-elm product_field price usg_product_field_3\"><span class=\"woocommerce-Price-amount amount\"><bdi><span class=\"woocommerce-Price-currencySymbol\">&euro;<\/span>&nbsp;0,00<\/bdi><\/span><\/p><div class=\"w-btn-wrapper woocommerce usg_add_to_cart_1 has_border_radius has_font_size no_view_cart_link\"><a href=\"https:\/\/iss.xenia.shop\/fr\/produit\/lampe-de-table-led\/\" class=\"button product_type_simple\">Choisissez ce cadeau<\/a>\t<span id=\"woocommerce_loop_add_to_cart_link_describedby_6206\" class=\"screen-reader-text\">\n\t\t\t<\/span>\n<\/div><\/div>\t\t<\/div>\r\n\t\t\t<\/article>\r\n\t<article class=\"w-grid-item size_1x1 post-6204 product type-product status-publish has-post-thumbnail product_cat-aucune-categorie  instock sold-individually shipping-taxable purchasable product-type-simple\" data-id=\"6204\">\r\n\t\t<div class=\"w-grid-item-h\">\r\n\t\t\t\t\t\t<div class=\"w-vwrapper usg_vwrapper_1 align_none valign_top\"><div class=\"w-post-elm post_image usg_post_image_1 stretched\"><a href=\"https:\/\/iss.xenia.shop\/fr\/produit\/good-towel-serviette-de-cotton-recycle\/\" aria-label=\"Good Towel \u2013 serviette de bain recycl\u00e9e\"><img loading=\"lazy\" decoding=\"async\" width=\"1000\" height=\"1000\" src=\"https:\/\/iss.xenia.shop\/wp-content\/uploads\/2024\/10\/Strandlaken-1.png\" class=\"attachment-full size-full wp-post-image\" alt=\"\" srcset=\"https:\/\/iss.xenia.shop\/wp-content\/uploads\/2024\/10\/Strandlaken-1.png 1000w, https:\/\/iss.xenia.shop\/wp-content\/uploads\/2024\/10\/Strandlaken-1-300x300.png 300w, https:\/\/iss.xenia.shop\/wp-content\/uploads\/2024\/10\/Strandlaken-1-150x150.png 150w, https:\/\/iss.xenia.shop\/wp-content\/uploads\/2024\/10\/Strandlaken-1-600x600.png 600w\" sizes=\"auto, (max-width: 1000px) 100vw, 1000px\" \/><\/a><\/div><h2 class=\"w-post-elm post_title usg_post_title_1 has_text_color woocommerce-loop-product__title color_link_inherit\"><a href=\"https:\/\/iss.xenia.shop\/fr\/produit\/good-towel-serviette-de-cotton-recycle\/\">Good Towel \u2013 serviette de bain recycl\u00e9e<\/a><\/h2><p class=\"w-post-elm product_field price usg_product_field_3\"><span class=\"woocommerce-Price-amount amount\"><bdi><span class=\"woocommerce-Price-currencySymbol\">&euro;<\/span>&nbsp;0,00<\/bdi><\/span><\/p><div class=\"w-btn-wrapper woocommerce usg_add_to_cart_1 has_border_radius has_font_size no_view_cart_link\"><a href=\"https:\/\/iss.xenia.shop\/fr\/produit\/good-towel-serviette-de-cotton-recycle\/\" class=\"button product_type_simple\">Choisissez ce cadeau<\/a>\t<span id=\"woocommerce_loop_add_to_cart_link_describedby_6204\" class=\"screen-reader-text\">\n\t\t\t<\/span>\n<\/div><\/div>\t\t<\/div>\r\n\t\t\t<\/article>\r\n\t<article class=\"w-grid-item size_1x1 post-6202 product type-product status-publish has-post-thumbnail product_cat-aucune-categorie  instock sold-individually shipping-taxable purchasable product-type-simple\" data-id=\"6202\">\r\n\t\t<div class=\"w-grid-item-h\">\r\n\t\t\t\t\t\t<div class=\"w-vwrapper usg_vwrapper_1 align_none valign_top\"><div class=\"w-post-elm post_image usg_post_image_1 stretched\"><a href=\"https:\/\/iss.xenia.shop\/fr\/produit\/trousse-de-toilette-avec-pain-de-savon-wondr\/\" aria-label=\"Trousse de toilette avec pain de savon Wondr\"><img loading=\"lazy\" decoding=\"async\" width=\"1000\" height=\"1000\" src=\"https:\/\/iss.xenia.shop\/wp-content\/uploads\/2025\/08\/Toiletbag_Wondr.png\" class=\"attachment-full size-full wp-post-image\" alt=\"\" srcset=\"https:\/\/iss.xenia.shop\/wp-content\/uploads\/2025\/08\/Toiletbag_Wondr.png 1000w, https:\/\/iss.xenia.shop\/wp-content\/uploads\/2025\/08\/Toiletbag_Wondr-300x300.png 300w, https:\/\/iss.xenia.shop\/wp-content\/uploads\/2025\/08\/Toiletbag_Wondr-150x150.png 150w, https:\/\/iss.xenia.shop\/wp-content\/uploads\/2025\/08\/Toiletbag_Wondr-600x600.png 600w\" sizes=\"auto, (max-width: 1000px) 100vw, 1000px\" \/><\/a><\/div><h2 class=\"w-post-elm post_title usg_post_title_1 has_text_color woocommerce-loop-product__title color_link_inherit\"><a href=\"https:\/\/iss.xenia.shop\/fr\/produit\/trousse-de-toilette-avec-pain-de-savon-wondr\/\">Trousse de toilette avec pain de savon Wondr<\/a><\/h2><p class=\"w-post-elm product_field price usg_product_field_3\"><span class=\"woocommerce-Price-amount amount\"><bdi><span class=\"woocommerce-Price-currencySymbol\">&euro;<\/span>&nbsp;0,00<\/bdi><\/span><\/p><div class=\"w-btn-wrapper woocommerce usg_add_to_cart_1 has_border_radius has_font_size no_view_cart_link\"><a href=\"https:\/\/iss.xenia.shop\/fr\/produit\/trousse-de-toilette-avec-pain-de-savon-wondr\/\" class=\"button product_type_simple\">Choisissez ce cadeau<\/a>\t<span id=\"woocommerce_loop_add_to_cart_link_describedby_6202\" class=\"screen-reader-text\">\n\t\t\t<\/span>\n<\/div><\/div>\t\t<\/div>\r\n\t\t\t<\/article>\r\n\t<article class=\"w-grid-item size_1x1 post-6197 product type-product status-publish has-post-thumbnail product_cat-aucune-categorie last instock virtual sold-individually purchasable product-type-simple\" data-id=\"6197\">\r\n\t\t<div class=\"w-grid-item-h\">\r\n\t\t\t\t\t\t<div class=\"w-vwrapper usg_vwrapper_1 align_none valign_top\"><div class=\"w-post-elm post_image usg_post_image_1 stretched\"><a href=\"https:\/\/iss.xenia.shop\/fr\/produit\/don-a-la-fondation-contre-le-cancer\/\" aria-label=\"Don \u00e0 la Fondation contre le Cancer\"><img loading=\"lazy\" decoding=\"async\" width=\"2560\" height=\"2560\" src=\"https:\/\/iss.xenia.shop\/wp-content\/uploads\/2025\/08\/Stichtingtegenkanker-2-scaled.png\" class=\"attachment-full size-full wp-post-image\" alt=\"\" srcset=\"https:\/\/iss.xenia.shop\/wp-content\/uploads\/2025\/08\/Stichtingtegenkanker-2-scaled.png 2560w, https:\/\/iss.xenia.shop\/wp-content\/uploads\/2025\/08\/Stichtingtegenkanker-2-300x300.png 300w, https:\/\/iss.xenia.shop\/wp-content\/uploads\/2025\/08\/Stichtingtegenkanker-2-1024x1024.png 1024w, https:\/\/iss.xenia.shop\/wp-content\/uploads\/2025\/08\/Stichtingtegenkanker-2-150x150.png 150w, https:\/\/iss.xenia.shop\/wp-content\/uploads\/2025\/08\/Stichtingtegenkanker-2-600x600.png 600w\" sizes=\"auto, (max-width: 2560px) 100vw, 2560px\" \/><\/a><\/div><h2 class=\"w-post-elm post_title usg_post_title_1 has_text_color woocommerce-loop-product__title color_link_inherit\"><a href=\"https:\/\/iss.xenia.shop\/fr\/produit\/don-a-la-fondation-contre-le-cancer\/\">Don \u00e0 la Fondation contre le Cancer<\/a><\/h2><p class=\"w-post-elm product_field price usg_product_field_3\"><span class=\"woocommerce-Price-amount amount\"><bdi><span class=\"woocommerce-Price-currencySymbol\">&euro;<\/span>&nbsp;0,00<\/bdi><\/span><\/p><div class=\"w-btn-wrapper woocommerce usg_add_to_cart_1 has_border_radius has_font_size no_view_cart_link\"><a href=\"https:\/\/iss.xenia.shop\/fr\/produit\/don-a-la-fondation-contre-le-cancer\/\" class=\"button product_type_simple\">Choisissez ce cadeau<\/a>\t<span id=\"woocommerce_loop_add_to_cart_link_describedby_6197\" class=\"screen-reader-text\">\n\t\t\t<\/span>\n<\/div><\/div>\t\t<\/div>\r\n\t\t\t<\/article>\r\n<\/div><div class=\"g-loadmore hidden\"><div class=\"g-preloader type_1\"><div><\/div><\/div><\/div><div class=\"w-grid-list-json hidden\" onclick='return {&quot;max_num_pages&quot;:0,&quot;pagination&quot;:&quot;none&quot;,&quot;paged&quot;:1,&quot;ajaxData&quot;:{&quot;action&quot;:&quot;us_ajax_product_list&quot;,&quot;meta_type&quot;:&quot;post&quot;,&quot;object_id&quot;:0,&quot;template_vars&quot;:{&quot;paged&quot;:1,&quot;max_num_pages&quot;:0,&quot;no_results&quot;:false,&quot;is_product_list&quot;:true,&quot;source&quot;:&quot;all&quot;,&quot;ids&quot;:&quot;&quot;,&quot;apply_url_params&quot;:0,&quot;onsale_only&quot;:0,&quot;featured_only&quot;:0,&quot;exclude_out_of_stock&quot;:0,&quot;exclude_hidden&quot;:1,&quot;exclude_current_product&quot;:1,&quot;exclude_prev_posts&quot;:0,&quot;enable_items_offset&quot;:0,&quot;items_offset&quot;:&quot;1&quot;,&quot;price_compare&quot;:&quot;none&quot;,&quot;price&quot;:&quot;99.99&quot;,&quot;price_max&quot;:&quot;299.99&quot;,&quot;tax_query_relation&quot;:&quot;none&quot;,&quot;tax_query&quot;:[{&quot;operator&quot;:&quot;IN&quot;,&quot;taxonomy&quot;:&quot;product_cat&quot;,&quot;terms&quot;:&quot;&quot;,&quot;include_children&quot;:0}],&quot;meta_query_relation&quot;:&quot;none&quot;,&quot;meta_query&quot;:[{&quot;key&quot;:&quot;custom_field_name&quot;,&quot;compare&quot;:&quot;=&quot;,&quot;value&quot;:&quot;&quot;}],&quot;orderby&quot;:&quot;post__in&quot;,&quot;orderby_custom_field&quot;:&quot;&quot;,&quot;orderby_custom_type&quot;:0,&quot;order_invert&quot;:0,&quot;show_all&quot;:&quot;1&quot;,&quot;quantity&quot;:&quot;12&quot;,&quot;no_items_action&quot;:&quot;message&quot;,&quot;no_items_message&quot;:&quot;Aucun r\\u00e9sultat.&quot;,&quot;no_items_page_block&quot;:&quot;&quot;,&quot;pagination&quot;:&quot;none&quot;,&quot;pagination_style&quot;:&quot;&quot;,&quot;pagination_btn_text&quot;:&quot;Charger plus&quot;,&quot;pagination_btn_size&quot;:&quot;&quot;,&quot;pagination_btn_style&quot;:&quot;1&quot;,&quot;pagination_btn_fullwidth&quot;:0,&quot;items_layout&quot;:&quot;shop_trendy&quot;,&quot;type&quot;:&quot;grid&quot;,&quot;items_valign&quot;:0,&quot;ignore_items_size&quot;:0,&quot;columns&quot;:&quot;4&quot;,&quot;items_gap&quot;:&quot;0rem&quot;,&quot;load_animation&quot;:&quot;none&quot;,&quot;items_preload_style&quot;:&quot;spinner&quot;,&quot;img_size&quot;:&quot;full&quot;,&quot;title_size&quot;:&quot;&quot;,&quot;items_ratio&quot;:&quot;default&quot;,&quot;items_ratio_width&quot;:&quot;21&quot;,&quot;items_ratio_height&quot;:&quot;9&quot;,&quot;overriding_link&quot;:&quot;%7B%22url%22%3A%22%22%7D&quot;,&quot;popup_width&quot;:&quot;&quot;,&quot;popup_arrows&quot;:1,&quot;breakpoint_1_width&quot;:&quot;1381px&quot;,&quot;breakpoint_1_cols&quot;:&quot;default&quot;,&quot;breakpoint_1_quantity&quot;:&quot;&quot;,&quot;breakpoint_1_gap&quot;:&quot;&quot;,&quot;breakpoint_2_width&quot;:&quot;1025px&quot;,&quot;breakpoint_2_cols&quot;:&quot;2&quot;,&quot;breakpoint_2_quantity&quot;:&quot;&quot;,&quot;breakpoint_2_gap&quot;:&quot;&quot;,&quot;breakpoint_3_width&quot;:&quot;601px&quot;,&quot;breakpoint_3_cols&quot;:&quot;2&quot;,&quot;breakpoint_3_quantity&quot;:&quot;&quot;,&quot;breakpoint_3_gap&quot;:&quot;&quot;,&quot;conditions_operator&quot;:&quot;always&quot;,&quot;conditions&quot;:[],&quot;css&quot;:&quot;%7B%22default%22%3A%7B%22margin-left%22%3A%22-10px%22%2C%22margin-right%22%3A%22-10px%22%7D%7D&quot;,&quot;el_class&quot;:&quot;&quot;,&quot;el_id&quot;:&quot;&quot;,&quot;enable_custom_html_atts&quot;:0,&quot;custom_html_atts&quot;:null,&quot;hide_on_states&quot;:&quot;&quot;,&quot;hide_for_sticky&quot;:0,&quot;hide_for_not_sticky&quot;:0,&quot;hide_below&quot;:&quot;0px&quot;,&quot;hide_above&quot;:&quot;0px&quot;,&quot;classes&quot;:&quot; us_custom_8cd02348&quot;,&quot;design_css_class&quot;:&quot;us_custom_8cd02348&quot;}},&quot;facetedFilter&quot;:[]}'><\/div><\/div><div class=\"w-separator size_large\"><\/div><\/div><\/div><\/div><\/div><\/section><section class=\"l-section wpb_row height_small\"><div class=\"l-section-h i-cf\"><div class=\"g-cols vc_row via_grid cols_1 laptops-cols_inherit tablets-cols_inherit mobiles-cols_1 valign_top type_default stacking_default\"><div class=\"wpb_column vc_column_container\"><div class=\"vc_column-inner\"><\/div><\/div><\/div><\/div><\/section>\n","protected":false},"excerpt":{"rendered":"Parfois, le plus beau cadeau est celui que l\u2019on fait aux autres. En choisissant ce don \u00e0 la Fondation contre le Cancer, vous offrez espoir, soutien et chaleur \u00e0 ceux qui en ont vraiment besoin. Une force discr\u00e8te, venue du c\u0153ur.","protected":false},"author":1,"featured_media":0,"parent":0,"menu_order":0,"comment_status":"closed","ping_status":"closed","template":"","meta":{"footnotes":""},"class_list":["post-6187","page","type-page","status-publish","hentry"],"_links":{"self":[{"href":"https:\/\/iss.xenia.shop\/fr\/wp-json\/wp\/v2\/pages\/6187","targetHints":{"allow":["GET"]}}],"collection":[{"href":"https:\/\/iss.xenia.shop\/fr\/wp-json\/wp\/v2\/pages"}],"about":[{"href":"https:\/\/iss.xenia.shop\/fr\/wp-json\/wp\/v2\/types\/page"}],"author":[{"embeddable":true,"href":"https:\/\/iss.xenia.shop\/fr\/wp-json\/wp\/v2\/users\/1"}],"replies":[{"embeddable":true,"href":"https:\/\/iss.xenia.shop\/fr\/wp-json\/wp\/v2\/comments?post=6187"}],"version-history":[{"count":8,"href":"https:\/\/iss.xenia.shop\/fr\/wp-json\/wp\/v2\/pages\/6187\/revisions"}],"predecessor-version":[{"id":6273,"href":"https:\/\/iss.xenia.shop\/fr\/wp-json\/wp\/v2\/pages\/6187\/revisions\/6273"}],"wp:attachment":[{"href":"https:\/\/iss.xenia.shop\/fr\/wp-json\/wp\/v2\/media?parent=6187"}],"curies":[{"name":"wp","href":"https:\/\/api.w.org\/{rel}","templated":true}]}}