{"id":6174,"date":"2024-08-21T22:01:49","date_gmt":"2024-08-21T21:01:49","guid":{"rendered":"https:\/\/iss.xenia.shop\/confirmation\/"},"modified":"2025-10-08T08:34:31","modified_gmt":"2025-10-08T07:34:31","slug":"confirmation","status":"publish","type":"page","link":"https:\/\/iss.xenia.shop\/fr\/confirmation\/","title":{"rendered":"Confirmation"},"content":{"rendered":"<section class=\"l-section wpb_row height_small\"><div class=\"l-section-h i-cf\"><div class=\"g-cols vc_row via_grid cols_1 laptops-cols_inherit tablets-cols_inherit mobiles-cols_1 valign_top type_default stacking_default\"><div class=\"wpb_column vc_column_container\"><div class=\"vc_column-inner\"><div class=\"g-cols wpb_row via_grid cols_2-1 laptops-cols_inherit tablets-cols_inherit mobiles-cols_1 valign_top type_default stacking_default\" style=\"--columns-gap:3rem;\"><div class=\"wpb_column vc_column_container\"><div class=\"vc_column-inner\"><div class=\"wpb_text_column\"><div class=\"wpb_wrapper\"><h2>Merci pour votre choix.<\/h2>\n<p class=\"x_MsoNormal\">Votre commande a \u00e9t\u00e9 trait\u00e9e et finalis\u00e9e avec succ\u00e8s.<\/p>\n<p class=\"x_MsoNormal\"><span lang=\"NL-BE\"><\/span>Si vous avez opt\u00e9 pour un cadeau physique, votre responsable vous remettra personnellement le cadeau.<br \/>\nNous pr\u00e9voyons que tous les cadeaux seront distribu\u00e9s avant la p\u00e9riode des f\u00eates, mais nous devons tenir compte de la planification des cong\u00e9s, entre autres, pendant cette p\u00e9riode.<\/p>\n<\/div><\/div><div class=\"w-separator size_medium\"><\/div><\/div><\/div><div class=\"wpb_column vc_column_container\"><div class=\"vc_column-inner\"><\/div><\/div><\/div><\/div><\/div><\/div><\/div><\/section>\n","protected":false},"excerpt":{"rendered":"Merci pour votre choix. Votre commande a \u00e9t\u00e9 trait\u00e9e et finalis\u00e9e avec succ\u00e8s. Si vous avez opt\u00e9 pour un cadeau physique, votre responsable vous remettra personnellement le cadeau. Nous pr\u00e9voyons que tous les cadeaux seront distribu\u00e9s avant la p\u00e9riode des f\u00eates, mais nous devons tenir compte de la planification des cong\u00e9s, entre autres, pendant cette...","protected":false},"author":1,"featured_media":0,"parent":0,"menu_order":0,"comment_status":"closed","ping_status":"closed","template":"","meta":{"footnotes":""},"class_list":["post-6174","page","type-page","status-publish","hentry"],"_links":{"self":[{"href":"https:\/\/iss.xenia.shop\/fr\/wp-json\/wp\/v2\/pages\/6174","targetHints":{"allow":["GET"]}}],"collection":[{"href":"https:\/\/iss.xenia.shop\/fr\/wp-json\/wp\/v2\/pages"}],"about":[{"href":"https:\/\/iss.xenia.shop\/fr\/wp-json\/wp\/v2\/types\/page"}],"author":[{"embeddable":true,"href":"https:\/\/iss.xenia.shop\/fr\/wp-json\/wp\/v2\/users\/1"}],"replies":[{"embeddable":true,"href":"https:\/\/iss.xenia.shop\/fr\/wp-json\/wp\/v2\/comments?post=6174"}],"version-history":[{"count":4,"href":"https:\/\/iss.xenia.shop\/fr\/wp-json\/wp\/v2\/pages\/6174\/revisions"}],"predecessor-version":[{"id":14782,"href":"https:\/\/iss.xenia.shop\/fr\/wp-json\/wp\/v2\/pages\/6174\/revisions\/14782"}],"wp:attachment":[{"href":"https:\/\/iss.xenia.shop\/fr\/wp-json\/wp\/v2\/media?parent=6174"}],"curies":[{"name":"wp","href":"https:\/\/api.w.org\/{rel}","templated":true}]}}